{"id":1685,"date":"2023-06-21T16:49:31","date_gmt":"2023-06-21T16:49:31","guid":{"rendered":"https:\/\/lamarcon.com.br\/?post_type=product&#038;p=1685"},"modified":"2025-11-15T12:16:25","modified_gmt":"2025-11-15T12:16:25","slug":"revista-la-marcon","status":"publish","type":"product","link":"https:\/\/lamarcon.com.br\/en\/product\/revista-la-marcon\/","title":{"rendered":"La Marcon Magazine"},"content":{"rendered":"<p>&nbsp;<\/p>\n<p><span style=\"font-weight: 400;\">Um dos produtos mais lindos de toda a hist\u00f3ria da empresa La Marcon<\/span><\/p>\n<p><span style=\"font-weight: 400;\">Nossas 10 edi\u00e7\u00f5es da Revista La Marcon fizeram hist\u00f3ria.<\/span><\/p>\n<p>&nbsp;<\/p>\n<p><span style=\"font-weight: 400;\">Revistas Digitais La Marcon em formato pdf.<\/span><\/p>","protected":false},"excerpt":{"rendered":"<p><span style=\"font-weight: 400;\">Combo com as 10 edi\u00e7\u00f5es da Revista La Marcon.<\/span><\/p>\n<p>&nbsp;<\/p>\n<p><span style=\"font-weight: 400;\">Um dos produtos mais lindos de toda a hist\u00f3ria da empresa La Marcon<\/span><\/p>\n<p><span style=\"font-weight: 400;\">Nossas 10 edi\u00e7\u00f5es da Revista La Marcon fizeram hist\u00f3ria.<\/span><\/p>\n<p>&nbsp;<\/p>\n<p><span style=\"font-weight: 400;\">Revistas Digitais La Marcon em formato pdf.<\/span><\/p>","protected":false},"featured_media":1710,"comment_status":"open","ping_status":"closed","template":"","meta":{"om_disable_all_campaigns":false,"_monsterinsights_skip_tracking":false,"_monsterinsights_sitenote_active":false,"_monsterinsights_sitenote_note":"","_monsterinsights_sitenote_category":0,"site-sidebar-layout":"default","site-content-layout":"default","ast-global-header-display":"","ast-main-header-display":"","ast-hfb-above-header-display":"","ast-hfb-below-header-display":"","ast-hfb-mobile-header-display":"","site-post-title":"","ast-breadcrumbs-content":"","ast-featured-img":"","footer-sml-layout":"","theme-transparent-header-meta":"default","adv-header-id-meta":"","stick-header-meta":"","header-above-stick-meta":"","header-main-stick-meta":"","header-below-stick-meta":""},"product_cat":[32],"product_tag":[60,61],"class_list":["post-1685","product","type-product","status-publish","has-post-thumbnail","hentry","product_cat-cadernos","product_tag-revista","product_tag-revista-la-marcon"],"aioseo_notices":[],"_links":{"self":[{"href":"https:\/\/lamarcon.com.br\/en\/wp-json\/wp\/v2\/product\/1685","targetHints":{"allow":["GET"]}}],"collection":[{"href":"https:\/\/lamarcon.com.br\/en\/wp-json\/wp\/v2\/product"}],"about":[{"href":"https:\/\/lamarcon.com.br\/en\/wp-json\/wp\/v2\/types\/product"}],"replies":[{"embeddable":true,"href":"https:\/\/lamarcon.com.br\/en\/wp-json\/wp\/v2\/comments?post=1685"}],"wp:featuredmedia":[{"embeddable":true,"href":"https:\/\/lamarcon.com.br\/en\/wp-json\/wp\/v2\/media\/1710"}],"wp:attachment":[{"href":"https:\/\/lamarcon.com.br\/en\/wp-json\/wp\/v2\/media?parent=1685"}],"wp:term":[{"taxonomy":"product_cat","embeddable":true,"href":"https:\/\/lamarcon.com.br\/en\/wp-json\/wp\/v2\/product_cat?post=1685"},{"taxonomy":"product_tag","embeddable":true,"href":"https:\/\/lamarcon.com.br\/en\/wp-json\/wp\/v2\/product_tag?post=1685"}],"curies":[{"name":"wp","href":"https:\/\/api.w.org\/{rel}","templated":true}]}}