{"id":1776,"date":"2024-02-06T13:05:36","date_gmt":"2024-02-06T13:05:36","guid":{"rendered":"https:\/\/lamarcon.com.br\/?post_type=product&#038;p=1776"},"modified":"2025-06-03T11:49:16","modified_gmt":"2025-06-03T11:49:16","slug":"free-calendario-2024","status":"publish","type":"product","link":"https:\/\/lamarcon.com.br\/en\/product\/free-calendario-2024\/","title":{"rendered":"FREE >> Calend\u00e1rio 2024"},"content":{"rendered":"<p>Apresentamos nossos encantadores calend\u00e1rios digitais para o ano de 2024, dispon\u00edveis gratuitamente para uso pessoal.<\/p>\n<p>Calend\u00e1rio Floral 2024:<br \/>\nExplore a beleza da natureza em cada m\u00eas com nosso calend\u00e1rio floral. Cada p\u00e1gina \u00e9 uma obra de arte, oferecendo uma experi\u00eancia visual \u00fanica para acompanhar seus dias.<\/p>\n<p>Calend\u00e1rio de Mandalas 2024:<br \/>\nDeixe-se envolver pela espiritualidade e harmonia com nosso calend\u00e1rio de mandalas. Cada mandala foi cuidadosamente escolhida para proporcionar uma jornada visualmente estimulante ao longo do ano.<\/p>\n<p>Ambos os calend\u00e1rios est\u00e3o dispon\u00edveis em formato PDF para download, proporcionando praticidade e facilidade de acesso. Baixe agora e mergulhe em um ano cheio de inspira\u00e7\u00e3o, organiza\u00e7\u00e3o e estilo.<\/p>\n<p>&nbsp;<\/p>","protected":false},"excerpt":{"rendered":"<p>Apresentamos nossos encantadores calend\u00e1rios digitais para o ano de 2024, dispon\u00edveis gratuitamente para uso pessoal.<\/p>\n<p>Calend\u00e1rio Floral 2024:<br \/>\nExplore a beleza da natureza em cada m\u00eas com nosso calend\u00e1rio floral. Cada p\u00e1gina \u00e9 uma obra de arte, oferecendo uma experi\u00eancia visual \u00fanica para acompanhar seus dias.<\/p>\n<p>Calend\u00e1rio de Mandalas 2024:<br \/>\nDeixe-se envolver pela espiritualidade e harmonia com nosso calend\u00e1rio de mandalas. Cada mandala foi cuidadosamente escolhida para proporcionar uma jornada visualmente estimulante ao longo do ano.<\/p>\n<p>Ambos os calend\u00e1rios est\u00e3o dispon\u00edveis em formato PDF para download, proporcionando praticidade e facilidade de acesso. Baixe agora e mergulhe em um ano cheio de inspira\u00e7\u00e3o, organiza\u00e7\u00e3o e estilo.<\/p>\n<p>&nbsp;<\/p>\n<p>VERS\u00c3O FREE.<\/p>","protected":false},"featured_media":1773,"comment_status":"open","ping_status":"closed","template":"","meta":{"om_disable_all_campaigns":false,"_monsterinsights_skip_tracking":false,"_monsterinsights_sitenote_active":false,"_monsterinsights_sitenote_note":"","_monsterinsights_sitenote_category":0,"site-sidebar-layout":"default","site-content-layout":"default","ast-global-header-display":"","ast-main-header-display":"","ast-hfb-above-header-display":"","ast-hfb-below-header-display":"","ast-hfb-mobile-header-display":"","site-post-title":"","ast-breadcrumbs-content":"","ast-featured-img":"","footer-sml-layout":"","theme-transparent-header-meta":"default","adv-header-id-meta":"","stick-header-meta":"","header-above-stick-meta":"","header-main-stick-meta":"","header-below-stick-meta":""},"product_cat":[36,50],"product_tag":[56,58,55,57],"class_list":["post-1776","product","type-product","status-publish","has-post-thumbnail","hentry","product_cat-calendario","product_cat-organizacao","product_tag-caixa-de-receitas","product_tag-cartonagem","product_tag-dia-das-maes","product_tag-estampas"],"aioseo_notices":[],"_links":{"self":[{"href":"https:\/\/lamarcon.com.br\/en\/wp-json\/wp\/v2\/product\/1776","targetHints":{"allow":["GET"]}}],"collection":[{"href":"https:\/\/lamarcon.com.br\/en\/wp-json\/wp\/v2\/product"}],"about":[{"href":"https:\/\/lamarcon.com.br\/en\/wp-json\/wp\/v2\/types\/product"}],"replies":[{"embeddable":true,"href":"https:\/\/lamarcon.com.br\/en\/wp-json\/wp\/v2\/comments?post=1776"}],"wp:featuredmedia":[{"embeddable":true,"href":"https:\/\/lamarcon.com.br\/en\/wp-json\/wp\/v2\/media\/1773"}],"wp:attachment":[{"href":"https:\/\/lamarcon.com.br\/en\/wp-json\/wp\/v2\/media?parent=1776"}],"wp:term":[{"taxonomy":"product_cat","embeddable":true,"href":"https:\/\/lamarcon.com.br\/en\/wp-json\/wp\/v2\/product_cat?post=1776"},{"taxonomy":"product_tag","embeddable":true,"href":"https:\/\/lamarcon.com.br\/en\/wp-json\/wp\/v2\/product_tag?post=1776"}],"curies":[{"name":"wp","href":"https:\/\/api.w.org\/{rel}","templated":true}]}}