{"id":1802,"date":"2024-10-11T16:43:51","date_gmt":"2024-10-11T16:43:51","guid":{"rendered":"https:\/\/lamarcon.com.br\/?post_type=product&#038;p=1802"},"modified":"2025-10-13T07:43:20","modified_gmt":"2025-10-13T07:43:20","slug":"ebook-receitas-veganas","status":"publish","type":"product","link":"https:\/\/lamarcon.com.br\/en\/product\/ebook-receitas-veganas\/","title":{"rendered":"E-book Vegan Recipes"},"content":{"rendered":"<p>Descubra o universo saboroso e saud\u00e1vel da culin\u00e1ria vegana com o nosso exclusivo <strong>E-book de Receitas Veganas<\/strong>, criado por <strong>La Marcon<\/strong> em parceria com a confeiteira vegana <strong>Tati<\/strong>. Este e-book oferece uma sele\u00e7\u00e3o especial de receitas deliciosas, simples de fazer, e 100% livres de produtos de origem animal. Perfeito para quem quer explorar novos sabores, seguir uma alimenta\u00e7\u00e3o mais consciente ou aprimorar suas habilidades na cozinha vegana.<\/p>\n<p>No e-book, voc\u00ea encontrar\u00e1 receitas variadas, desde sobremesas irresist\u00edveis at\u00e9 pratos leves e refrescantes, que v\u00e3o agradar n\u00e3o apenas veganos, mas tamb\u00e9m quem busca op\u00e7\u00f5es saud\u00e1veis e saborosas. As receitas s\u00e3o feitas com ingredientes acess\u00edveis, acompanhadas por fotos incr\u00edveis e instru\u00e7\u00f5es passo a passo, garantindo sucesso em cada cria\u00e7\u00e3o.<\/p>\n<p>&nbsp;<\/p>\n<p>&nbsp;<\/p>\n<p>Caso tenha problema na compra entre em contato pelo whatsapp: o numero esta no fim do site.<\/p>","protected":false},"excerpt":{"rendered":"<p>Descubra o universo saboroso e saud\u00e1vel da culin\u00e1ria vegana com o nosso exclusivo <strong>E-book de Receitas Veganas<\/strong>, criado por <strong>La Marcon<\/strong> em parceria com a confeiteira vegana <strong>Tati<\/strong>. Este e-book oferece uma sele\u00e7\u00e3o especial de receitas deliciosas, simples de fazer, e 100% livres de produtos de origem animal. Perfeito para quem quer explorar novos sabores, seguir uma alimenta\u00e7\u00e3o mais consciente ou aprimorar suas habilidades na cozinha vegana.<\/p>\n<p>No e-book, voc\u00ea encontrar\u00e1 receitas variadas, desde sobremesas irresist\u00edveis at\u00e9 pratos leves e refrescantes, que v\u00e3o agradar n\u00e3o apenas veganos, mas tamb\u00e9m quem busca op\u00e7\u00f5es saud\u00e1veis e saborosas. As receitas s\u00e3o feitas com ingredientes acess\u00edveis, acompanhadas por fotos incr\u00edveis e instru\u00e7\u00f5es passo a passo, garantindo sucesso em cada cria\u00e7\u00e3o.<\/p>","protected":false},"featured_media":1803,"comment_status":"open","ping_status":"closed","template":"","meta":{"om_disable_all_campaigns":false,"_monsterinsights_skip_tracking":false,"_monsterinsights_sitenote_active":false,"_monsterinsights_sitenote_note":"","_monsterinsights_sitenote_category":0,"site-sidebar-layout":"default","site-content-layout":"default","ast-global-header-display":"","ast-main-header-display":"","ast-hfb-above-header-display":"","ast-hfb-below-header-display":"","ast-hfb-mobile-header-display":"","site-post-title":"","ast-breadcrumbs-content":"","ast-featured-img":"","footer-sml-layout":"","theme-transparent-header-meta":"default","adv-header-id-meta":"","stick-header-meta":"","header-above-stick-meta":"","header-main-stick-meta":"","header-below-stick-meta":""},"product_cat":[70],"product_tag":[71,74,72,73],"class_list":["post-1802","product","type-product","status-publish","has-post-thumbnail","hentry","product_cat-ebook","product_tag-ebook","product_tag-receitas","product_tag-vegana","product_tag-vegano"],"aioseo_notices":[],"_links":{"self":[{"href":"https:\/\/lamarcon.com.br\/en\/wp-json\/wp\/v2\/product\/1802","targetHints":{"allow":["GET"]}}],"collection":[{"href":"https:\/\/lamarcon.com.br\/en\/wp-json\/wp\/v2\/product"}],"about":[{"href":"https:\/\/lamarcon.com.br\/en\/wp-json\/wp\/v2\/types\/product"}],"replies":[{"embeddable":true,"href":"https:\/\/lamarcon.com.br\/en\/wp-json\/wp\/v2\/comments?post=1802"}],"wp:featuredmedia":[{"embeddable":true,"href":"https:\/\/lamarcon.com.br\/en\/wp-json\/wp\/v2\/media\/1803"}],"wp:attachment":[{"href":"https:\/\/lamarcon.com.br\/en\/wp-json\/wp\/v2\/media?parent=1802"}],"wp:term":[{"taxonomy":"product_cat","embeddable":true,"href":"https:\/\/lamarcon.com.br\/en\/wp-json\/wp\/v2\/product_cat?post=1802"},{"taxonomy":"product_tag","embeddable":true,"href":"https:\/\/lamarcon.com.br\/en\/wp-json\/wp\/v2\/product_tag?post=1802"}],"curies":[{"name":"wp","href":"https:\/\/api.w.org\/{rel}","templated":true}]}}